{"id":49,"date":"2022-04-30T18:44:29","date_gmt":"2022-04-30T16:44:29","guid":{"rendered":"http:\/\/moniq-home.art\/?page_id=49"},"modified":"2022-05-24T20:41:42","modified_gmt":"2022-05-24T18:41:42","slug":"modula-id102","status":"publish","type":"page","link":"https:\/\/moniq-home.art\/index.php\/modula-id102\/","title":{"rendered":"Manicure"},"content":{"rendered":"<p><!--Wiosenny postelowy fiolet kola\u017c--><\/p>\n<p style=\"text-align: center\"> Wiosenny pastelowy fiolet <\/p>\n<p style=\"text-align: center\"><a href=\"http:\/\/moniq-home.art\/wp-content\/uploads\/2022\/05\/7.png\"><img loading=\"lazy\" decoding=\"async\" src=\"http:\/\/moniq-home.art\/wp-content\/uploads\/2022\/05\/7.png\" border=\"0\" width=\"350\" height=\"350\" alt=\"fiolet\"><\/a><\/p>\n<p><!--Zdobienia na \u017cyczenie--><\/p>\n<p style=\"text-align: center\"> Drobne zdobienia na \u017cyczenie <\/p>\n<p style=\"text-align: center\"><a href=\"http:\/\/moniq-home.art\/wp-content\/uploads\/2022\/05\/3.png\"><img loading=\"lazy\" decoding=\"async\" src=\"http:\/\/moniq-home.art\/wp-content\/uploads\/2022\/05\/3.png\" border=\"0\" width=\"350\" height=\"350\" alt=\"zdobienia\"><\/a><\/p>\n<p style=\"text-align: center\" size=\"5\"> R\u00f3\u017cno\u015bci <\/p>\n<table align:\"center\">\n<tr>\n<td>\n         <a href=\"http:\/\/moniq-home.art\/wp-content\/uploads\/2022\/04\/IMG_20220401_173914-scaled.jpg\"><img loading=\"lazy\" decoding=\"async\" src=\"http:\/\/moniq-home.art\/wp-content\/uploads\/2022\/04\/IMG_20220401_173914-scaled.jpg\" width=\"350\" height=\"350\"\/>\n      <\/td>\n<td>\n         <a href=\"http:\/\/moniq-home.art\/wp-content\/uploads\/2022\/04\/IMG_20220312_113621-scaled.jpg\"><img loading=\"lazy\" decoding=\"async\" src=\"http:\/\/moniq-home.art\/wp-content\/uploads\/2022\/04\/IMG_20220312_113621-scaled.jpg\" width=\"350\" height=\"350\"\/>\n      <\/td>\n<td>\n         <a href=\"http:\/\/moniq-home.art\/wp-content\/uploads\/2022\/04\/IMG_20211222_204520-scaled.jpg\"><img loading=\"lazy\" decoding=\"async\" src=\"http:\/\/moniq-home.art\/wp-content\/uploads\/2022\/04\/IMG_20211222_204520-scaled.jpg\" width=\"350\" height=\"350\"\/>\n      <\/td>\n<\/tr>\n<tr>\n<td>\n         <a href=\"http:\/\/moniq-home.art\/wp-content\/uploads\/2022\/04\/IMG_20211003_210907-scaled.jpg\"><img loading=\"lazy\" decoding=\"async\" src=\"http:\/\/moniq-home.art\/wp-content\/uploads\/2022\/04\/IMG_20211003_210907-scaled.jpg\" width=\"350\" height=\"350\"\/>\n      <\/td>\n<td>\n         <a href=\"http:\/\/moniq-home.art\/wp-content\/uploads\/2022\/04\/IMG_20211003_210857-scaled.jpg\"><img loading=\"lazy\" decoding=\"async\" src=\"http:\/\/moniq-home.art\/wp-content\/uploads\/2022\/04\/IMG_20211003_210857-scaled.jpg\" width=\"350\" height=\"350\"\/>\n      <\/td>\n<\/tr>\n<\/table>\n","protected":false},"excerpt":{"rendered":"<p>Wiosenny pastelowy fiolet Drobne zdobienia na \u017cyczenie R\u00f3\u017cno\u015bci<\/p>\n","protected":false},"author":1,"featured_media":0,"parent":0,"menu_order":0,"comment_status":"closed","ping_status":"closed","template":"","meta":{"footnotes":""},"class_list":["post-49","page","type-page","status-publish","hentry"],"_links":{"self":[{"href":"https:\/\/moniq-home.art\/index.php\/wp-json\/wp\/v2\/pages\/49","targetHints":{"allow":["GET"]}}],"collection":[{"href":"https:\/\/moniq-home.art\/index.php\/wp-json\/wp\/v2\/pages"}],"about":[{"href":"https:\/\/moniq-home.art\/index.php\/wp-json\/wp\/v2\/types\/page"}],"author":[{"embeddable":true,"href":"https:\/\/moniq-home.art\/index.php\/wp-json\/wp\/v2\/users\/1"}],"replies":[{"embeddable":true,"href":"https:\/\/moniq-home.art\/index.php\/wp-json\/wp\/v2\/comments?post=49"}],"version-history":[{"count":32,"href":"https:\/\/moniq-home.art\/index.php\/wp-json\/wp\/v2\/pages\/49\/revisions"}],"predecessor-version":[{"id":258,"href":"https:\/\/moniq-home.art\/index.php\/wp-json\/wp\/v2\/pages\/49\/revisions\/258"}],"wp:attachment":[{"href":"https:\/\/moniq-home.art\/index.php\/wp-json\/wp\/v2\/media?parent=49"}],"curies":[{"name":"wp","href":"https:\/\/api.w.org\/{rel}","templated":true}]}}