{"id":48,"date":"2022-04-30T18:44:29","date_gmt":"2022-04-30T16:44:29","guid":{"rendered":"http:\/\/moniq-home.art\/?page_id=48"},"modified":"2022-05-17T19:31:23","modified_gmt":"2022-05-17T17:31:23","slug":"zaplecze","status":"publish","type":"page","link":"https:\/\/moniq-home.art\/index.php\/zaplecze\/","title":{"rendered":"Zaplecze"},"content":{"rendered":"<p style=\"text-align: center\"> Wszystkie narz\u0119dzia, z kt\u00f3rych korzystam s\u0105 ka\u017cdorazowo dezynfekowane w myjce ultrad\u017awi\u0119kowej i sterylizowane w autoklawie. Pakuj\u0119 je osobno i narz\u0119dzia otwieram w obecno\u015bci klientki\/klienta. <\/p>\n<p style=\"text-align: center\"><img loading=\"lazy\" decoding=\"async\" src=\"http:\/\/moniq-home.art\/wp-content\/uploads\/2022\/05\/autoklaw.jpg\" alt=\"\" width=\"225\" height=\"300\" class=\"alignnone size-medium wp-image-170\" \/><\/p>\n<p style=\"text-align: center\"><img loading=\"lazy\" decoding=\"async\" src=\"http:\/\/moniq-home.art\/wp-content\/uploads\/2022\/05\/IMG_20220510_195604-225x300.jpg\" alt=\"\" width=\"225\" height=\"300\" class=\"alignnone size-medium wp-image-170\" srcset=\"https:\/\/moniq-home.art\/wp-content\/uploads\/2022\/05\/IMG_20220510_195604-225x300.jpg 225w, https:\/\/moniq-home.art\/wp-content\/uploads\/2022\/05\/IMG_20220510_195604-768x1024.jpg 768w, https:\/\/moniq-home.art\/wp-content\/uploads\/2022\/05\/IMG_20220510_195604-1152x1536.jpg 1152w, https:\/\/moniq-home.art\/wp-content\/uploads\/2022\/05\/IMG_20220510_195604-1536x2048.jpg 1536w, https:\/\/moniq-home.art\/wp-content\/uploads\/2022\/05\/IMG_20220510_195604-300x400.jpg 300w, https:\/\/moniq-home.art\/wp-content\/uploads\/2022\/05\/IMG_20220510_195604-850x1133.jpg 850w, https:\/\/moniq-home.art\/wp-content\/uploads\/2022\/05\/IMG_20220510_195604-scaled.jpg 1920w\" sizes=\"auto, (max-width: 225px) 100vw, 225px\" \/><\/p>\n<p style=\"text-align: center\"><img loading=\"lazy\" decoding=\"async\" src=\"http:\/\/moniq-home.art\/wp-content\/uploads\/2022\/05\/IMG_20220510_195624-300x225.jpg\" alt=\"\" width=\"300\" height=\"225\" class=\"alignnone size-medium wp-image-172\" srcset=\"https:\/\/moniq-home.art\/wp-content\/uploads\/2022\/05\/IMG_20220510_195624-300x225.jpg 300w, https:\/\/moniq-home.art\/wp-content\/uploads\/2022\/05\/IMG_20220510_195624-1024x768.jpg 1024w, https:\/\/moniq-home.art\/wp-content\/uploads\/2022\/05\/IMG_20220510_195624-768x576.jpg 768w, https:\/\/moniq-home.art\/wp-content\/uploads\/2022\/05\/IMG_20220510_195624-1536x1152.jpg 1536w, https:\/\/moniq-home.art\/wp-content\/uploads\/2022\/05\/IMG_20220510_195624-2048x1536.jpg 2048w, https:\/\/moniq-home.art\/wp-content\/uploads\/2022\/05\/IMG_20220510_195624-850x638.jpg 850w\" sizes=\"auto, (max-width: 300px) 100vw, 300px\" \/><img loading=\"lazy\" decoding=\"async\" src=\"http:\/\/moniq-home.art\/wp-content\/uploads\/2022\/05\/IMG_20220510_195505-300x225.jpg\" alt=\"\" width=\"300\" height=\"225\" class=\"alignnone size-medium wp-image-169\" srcset=\"https:\/\/moniq-home.art\/wp-content\/uploads\/2022\/05\/IMG_20220510_195505-300x225.jpg 300w, https:\/\/moniq-home.art\/wp-content\/uploads\/2022\/05\/IMG_20220510_195505-1024x768.jpg 1024w, https:\/\/moniq-home.art\/wp-content\/uploads\/2022\/05\/IMG_20220510_195505-768x576.jpg 768w, https:\/\/moniq-home.art\/wp-content\/uploads\/2022\/05\/IMG_20220510_195505-1536x1152.jpg 1536w, https:\/\/moniq-home.art\/wp-content\/uploads\/2022\/05\/IMG_20220510_195505-2048x1536.jpg 2048w, https:\/\/moniq-home.art\/wp-content\/uploads\/2022\/05\/IMG_20220510_195505-850x638.jpg 850w\" sizes=\"auto, (max-width: 300px) 100vw, 300px\" \/><\/p>\n<p style=\"text-align: center\"> Ka\u017cda klientka i klient dostaje sw\u00f3j w\u0142asny skompletowany zestaw do manicure, kt\u00f3ry obejmuje:<br \/>\n&#8211; pilnik do paznokci;<br \/>\n&#8211; bloczek do paznokci;<br \/>\n&#8211; drewniany patyczek;<br \/>\n&#8211; szczoteczk\u0119 do usuwania py\u0142u. <\/p>\n<p style=\"text-align: center\"><img loading=\"lazy\" decoding=\"async\" src=\"http:\/\/moniq-home.art\/wp-content\/uploads\/2022\/05\/IMG_20220504_132657-225x300.jpg\" alt=\"\" width=\"225\" height=\"300\" class=\"alignnone size-medium wp-image-166\" srcset=\"https:\/\/moniq-home.art\/wp-content\/uploads\/2022\/05\/IMG_20220504_132657-225x300.jpg 225w, https:\/\/moniq-home.art\/wp-content\/uploads\/2022\/05\/IMG_20220504_132657-768x1024.jpg 768w, https:\/\/moniq-home.art\/wp-content\/uploads\/2022\/05\/IMG_20220504_132657-1152x1536.jpg 1152w, https:\/\/moniq-home.art\/wp-content\/uploads\/2022\/05\/IMG_20220504_132657-1536x2048.jpg 1536w, https:\/\/moniq-home.art\/wp-content\/uploads\/2022\/05\/IMG_20220504_132657-300x400.jpg 300w, https:\/\/moniq-home.art\/wp-content\/uploads\/2022\/05\/IMG_20220504_132657-850x1133.jpg 850w, https:\/\/moniq-home.art\/wp-content\/uploads\/2022\/05\/IMG_20220504_132657-scaled.jpg 1920w\" sizes=\"auto, (max-width: 225px) 100vw, 225px\" \/><\/p>\n<p style=\"text-align: center\"> W przypadku, gdy klientka decyduje si\u0119 na nak\u0142adanie hybrydy do podstawowego zestawu do\u0142\u0105czane s\u0105 silikonowe nak\u0142adki do \u015bci\u0105gania hybrydy. <\/p>\n<p style=\"text-align: center\"><img loading=\"lazy\" decoding=\"async\" src=\"http:\/\/moniq-home.art\/wp-content\/uploads\/2022\/05\/IMG_20220504_132827-225x300.jpg\" alt=\"\" width=\"225\" height=\"300\" class=\"alignnone size-medium wp-image-168\" srcset=\"https:\/\/moniq-home.art\/wp-content\/uploads\/2022\/05\/IMG_20220504_132827-225x300.jpg 225w, https:\/\/moniq-home.art\/wp-content\/uploads\/2022\/05\/IMG_20220504_132827-768x1024.jpg 768w, https:\/\/moniq-home.art\/wp-content\/uploads\/2022\/05\/IMG_20220504_132827-1152x1536.jpg 1152w, https:\/\/moniq-home.art\/wp-content\/uploads\/2022\/05\/IMG_20220504_132827-1536x2048.jpg 1536w, https:\/\/moniq-home.art\/wp-content\/uploads\/2022\/05\/IMG_20220504_132827-300x400.jpg 300w, https:\/\/moniq-home.art\/wp-content\/uploads\/2022\/05\/IMG_20220504_132827-850x1133.jpg 850w, https:\/\/moniq-home.art\/wp-content\/uploads\/2022\/05\/IMG_20220504_132827-scaled.jpg 1920w\" sizes=\"auto, (max-width: 225px) 100vw, 225px\" \/><\/p>\n","protected":false},"excerpt":{"rendered":"<p>Wszystkie narz\u0119dzia, z kt\u00f3rych korzystam s\u0105 ka\u017cdorazowo dezynfekowane w myjce ultrad\u017awi\u0119kowej i sterylizowane w autoklawie. Pakuj\u0119 je osobno i narz\u0119dzia otwieram w obecno\u015bci klientki\/klienta. Ka\u017cda klientka i klient dostaje sw\u00f3j w\u0142asny skompletowany zestaw do manicure, kt\u00f3ry obejmuje: &#8211; pilnik do paznokci; &#8211; bloczek do paznokci; &#8211; drewniany patyczek; &#8211; szczoteczk\u0119 do usuwania py\u0142u. W przypadku,&#8230;<\/p>\n","protected":false},"author":1,"featured_media":0,"parent":0,"menu_order":0,"comment_status":"closed","ping_status":"closed","template":"","meta":{"footnotes":""},"class_list":["post-48","page","type-page","status-publish","hentry"],"_links":{"self":[{"href":"https:\/\/moniq-home.art\/index.php\/wp-json\/wp\/v2\/pages\/48","targetHints":{"allow":["GET"]}}],"collection":[{"href":"https:\/\/moniq-home.art\/index.php\/wp-json\/wp\/v2\/pages"}],"about":[{"href":"https:\/\/moniq-home.art\/index.php\/wp-json\/wp\/v2\/types\/page"}],"author":[{"embeddable":true,"href":"https:\/\/moniq-home.art\/index.php\/wp-json\/wp\/v2\/users\/1"}],"replies":[{"embeddable":true,"href":"https:\/\/moniq-home.art\/index.php\/wp-json\/wp\/v2\/comments?post=48"}],"version-history":[{"count":14,"href":"https:\/\/moniq-home.art\/index.php\/wp-json\/wp\/v2\/pages\/48\/revisions"}],"predecessor-version":[{"id":245,"href":"https:\/\/moniq-home.art\/index.php\/wp-json\/wp\/v2\/pages\/48\/revisions\/245"}],"wp:attachment":[{"href":"https:\/\/moniq-home.art\/index.php\/wp-json\/wp\/v2\/media?parent=48"}],"curies":[{"name":"wp","href":"https:\/\/api.w.org\/{rel}","templated":true}]}}