{"id":47,"date":"2022-04-30T18:44:29","date_gmt":"2022-04-30T16:44:29","guid":{"rendered":"http:\/\/moniq-home.art\/?page_id=47"},"modified":"2022-05-10T21:11:02","modified_gmt":"2022-05-10T19:11:02","slug":"o-mnie","status":"publish","type":"page","link":"https:\/\/moniq-home.art\/index.php\/o-mnie\/","title":{"rendered":"O mnie"},"content":{"rendered":"<p style=\"text-align: center\">Witajcie na stronie <b><i>Moniq Home<\/b><\/i> &#8211; po\u015bwi\u0119conej mojej dzia\u0142alno\u015bci us\u0142ug mobilnych manicure i pedicure! <\/p>\n<p style=\"text-align: center\">Nazywam si\u0119 Monika i jestem w\u0142a\u015bcicielk\u0105 firmy \ud83d\ude42 <\/p>\n<p style=\"text-align: center\">Oferuj\u0119 us\u0142ugi mobilne manicure i pedicure z dojazdem do Twojego domu! <\/p>\n<p style=\"text-align: center\">Uko\u0144czy\u0142am dwuletni\u0105 policealn\u0105 szko\u0142\u0119 kosmetyczn\u0105 <i>Tessa<\/i> w G\u0142ogowie w zawodzie <b>technik us\u0142ug kosmetycznych<\/b>.<br \/>\nPrzez ponad 6 lat pracowa\u0142am w gabinecie specjalizuj\u0105cym si\u0119 w piel\u0119gnacji d\u0142oni i st\u00f3p, zwracaj\u0105cym uwag\u0119 na takie problemy jak wrastaj\u0105ce paznokcie czy odciski. <\/p>\n<p style=\"text-align: center\">Zdobyt\u0105 wiedz\u0119 i umiej\u0119tno\u015bci pragn\u0119 wykorzysta\u0107 by dotrze\u0107 do klient\u00f3w, kt\u00f3rym brak mo\u017cliwo\u015bci skorzystania z us\u0142ug w stacjonarnym gabinecie. Aby dowiedzie\u0107 si\u0119 wi\u0119cej w zakresie moich us\u0142ug przejd\u017a prosz\u0119 do zak\u0142adki <i>Oferta<\/i>. <\/p>\n<p style=\"text-align: center\">Pragn\u0119 si\u0119 rozwija\u0107 by m\u00f3c \u015bwiadczy\u0107 jeszcze lepsze us\u0142ugi dla Was! <\/p>\n<p style=\"text-align: center\"> <b>Moje kursy i szkolenia:<\/b> <\/p>\n<p style=\"text-align: justify\"><span style=\"font-size: small\">o \u201ePraca d\u0142utem i skalpelem\u201d, Instytut podologii, 03-04-2019, Pozna\u0144.<br \/>\no \u201eKorekcja wrastaj\u0105cych paznokci metod\u0105 VHO-Osthold\u201d, GEHWOL, 25-03-2019, Pozna\u0144, certyfikat nr MOK0319PL.<br \/>\no \u201eSyndrom stopy cukrzycowej \u2013 pacjenci z grupy ryzyka\u201d, Instytut podologii, 04-04-2019, Pozna\u0144.<br \/>\no \u201eWykonywanie zabieg\u00f3w kosmetycznych twarzy\u201d , TESSA \u2013 Instytut Urody i Edukacji, 30-08-2013, G\u0142og\u00f3w, nr K\/80000079\/13.<br \/>\no \u201eWykonywanie zabieg\u00f3w kosmetycznych cia\u0142a, d\u0142oni i st\u00f3p\u201d , TESSA \u2013 Instytut Urody i Edukacji, 29-08-2014, G\u0142og\u00f3w, nr K\/80002276\/14.<br \/>\no \u201eSpecjalistyczna piel\u0119gnacja st\u00f3p ZDROWE NOGI\u201d, GEHWOL, 28-29-11-2015, Pozna\u0144. <\/p>\n<p><\/span><\/p>\n","protected":false},"excerpt":{"rendered":"<p>Witajcie na stronie Moniq Home &#8211; po\u015bwi\u0119conej mojej dzia\u0142alno\u015bci us\u0142ug mobilnych manicure i pedicure! Nazywam si\u0119 Monika i jestem w\u0142a\u015bcicielk\u0105 firmy \ud83d\ude42 Oferuj\u0119 us\u0142ugi mobilne manicure i pedicure z dojazdem do Twojego domu! Uko\u0144czy\u0142am dwuletni\u0105 policealn\u0105 szko\u0142\u0119 kosmetyczn\u0105 Tessa w G\u0142ogowie w zawodzie technik us\u0142ug kosmetycznych. Przez ponad 6 lat pracowa\u0142am w gabinecie specjalizuj\u0105cym si\u0119&#8230;<\/p>\n","protected":false},"author":1,"featured_media":0,"parent":0,"menu_order":0,"comment_status":"closed","ping_status":"closed","template":"","meta":{"footnotes":""},"class_list":["post-47","page","type-page","status-publish","hentry"],"_links":{"self":[{"href":"https:\/\/moniq-home.art\/index.php\/wp-json\/wp\/v2\/pages\/47","targetHints":{"allow":["GET"]}}],"collection":[{"href":"https:\/\/moniq-home.art\/index.php\/wp-json\/wp\/v2\/pages"}],"about":[{"href":"https:\/\/moniq-home.art\/index.php\/wp-json\/wp\/v2\/types\/page"}],"author":[{"embeddable":true,"href":"https:\/\/moniq-home.art\/index.php\/wp-json\/wp\/v2\/users\/1"}],"replies":[{"embeddable":true,"href":"https:\/\/moniq-home.art\/index.php\/wp-json\/wp\/v2\/comments?post=47"}],"version-history":[{"count":16,"href":"https:\/\/moniq-home.art\/index.php\/wp-json\/wp\/v2\/pages\/47\/revisions"}],"predecessor-version":[{"id":201,"href":"https:\/\/moniq-home.art\/index.php\/wp-json\/wp\/v2\/pages\/47\/revisions\/201"}],"wp:attachment":[{"href":"https:\/\/moniq-home.art\/index.php\/wp-json\/wp\/v2\/media?parent=47"}],"curies":[{"name":"wp","href":"https:\/\/api.w.org\/{rel}","templated":true}]}}