{"id":32,"date":"2022-04-26T13:15:59","date_gmt":"2022-04-26T11:15:59","guid":{"rendered":"http:\/\/moniq-home.art\/?page_id=32"},"modified":"2022-05-10T20:46:06","modified_gmt":"2022-05-10T18:46:06","slug":"galeria","status":"publish","type":"page","link":"https:\/\/moniq-home.art\/index.php\/galeria\/","title":{"rendered":"Galeria"},"content":{"rendered":"<p>Tu w przysz\u0142o\u015bci pojawi\u0105 si\u0119 zdj\u0119cia naszych dokona\u0144 oraz zdj\u0119cia przedstawiaj\u0105ce efekty oferowanych przez nas zabieg\u00f3w.<\/p>\n","protected":false},"excerpt":{"rendered":"<p>Tu w przysz\u0142o\u015bci pojawi\u0105 si\u0119 zdj\u0119cia naszych dokona\u0144 oraz zdj\u0119cia przedstawiaj\u0105ce efekty oferowanych przez nas zabieg\u00f3w.<\/p>\n","protected":false},"author":1,"featured_media":105,"parent":0,"menu_order":0,"comment_status":"closed","ping_status":"closed","template":"","meta":{"footnotes":""},"class_list":["post-32","page","type-page","status-publish","has-post-thumbnail","hentry"],"_links":{"self":[{"href":"https:\/\/moniq-home.art\/index.php\/wp-json\/wp\/v2\/pages\/32","targetHints":{"allow":["GET"]}}],"collection":[{"href":"https:\/\/moniq-home.art\/index.php\/wp-json\/wp\/v2\/pages"}],"about":[{"href":"https:\/\/moniq-home.art\/index.php\/wp-json\/wp\/v2\/types\/page"}],"author":[{"embeddable":true,"href":"https:\/\/moniq-home.art\/index.php\/wp-json\/wp\/v2\/users\/1"}],"replies":[{"embeddable":true,"href":"https:\/\/moniq-home.art\/index.php\/wp-json\/wp\/v2\/comments?post=32"}],"version-history":[{"count":6,"href":"https:\/\/moniq-home.art\/index.php\/wp-json\/wp\/v2\/pages\/32\/revisions"}],"predecessor-version":[{"id":182,"href":"https:\/\/moniq-home.art\/index.php\/wp-json\/wp\/v2\/pages\/32\/revisions\/182"}],"wp:featuredmedia":[{"embeddable":true,"href":"https:\/\/moniq-home.art\/index.php\/wp-json\/wp\/v2\/media\/105"}],"wp:attachment":[{"href":"https:\/\/moniq-home.art\/index.php\/wp-json\/wp\/v2\/media?parent=32"}],"curies":[{"name":"wp","href":"https:\/\/api.w.org\/{rel}","templated":true}]}}