{"id":143,"date":"2022-05-10T19:31:49","date_gmt":"2022-05-10T17:31:49","guid":{"rendered":"http:\/\/moniq-home.art\/?page_id=143"},"modified":"2022-05-10T19:40:34","modified_gmt":"2022-05-10T17:40:34","slug":"cennik-2","status":"publish","type":"page","link":"https:\/\/moniq-home.art\/index.php\/cennik-2\/","title":{"rendered":"Cennik"},"content":{"rendered":"<p>Cena us\u0142ugi w przypadku piel\u0119gnacji st\u00f3p uzale\u017cniona jest od indywidualnej oceny sytuacji przeze mnie.<\/p>\n","protected":false},"excerpt":{"rendered":"<p>Cena us\u0142ugi w przypadku piel\u0119gnacji st\u00f3p uzale\u017cniona jest od indywidualnej oceny sytuacji przeze mnie.<\/p>\n","protected":false},"author":1,"featured_media":141,"parent":0,"menu_order":0,"comment_status":"closed","ping_status":"closed","template":"","meta":{"footnotes":""},"class_list":["post-143","page","type-page","status-publish","has-post-thumbnail","hentry"],"_links":{"self":[{"href":"https:\/\/moniq-home.art\/index.php\/wp-json\/wp\/v2\/pages\/143","targetHints":{"allow":["GET"]}}],"collection":[{"href":"https:\/\/moniq-home.art\/index.php\/wp-json\/wp\/v2\/pages"}],"about":[{"href":"https:\/\/moniq-home.art\/index.php\/wp-json\/wp\/v2\/types\/page"}],"author":[{"embeddable":true,"href":"https:\/\/moniq-home.art\/index.php\/wp-json\/wp\/v2\/users\/1"}],"replies":[{"embeddable":true,"href":"https:\/\/moniq-home.art\/index.php\/wp-json\/wp\/v2\/comments?post=143"}],"version-history":[{"count":8,"href":"https:\/\/moniq-home.art\/index.php\/wp-json\/wp\/v2\/pages\/143\/revisions"}],"predecessor-version":[{"id":154,"href":"https:\/\/moniq-home.art\/index.php\/wp-json\/wp\/v2\/pages\/143\/revisions\/154"}],"wp:featuredmedia":[{"embeddable":true,"href":"https:\/\/moniq-home.art\/index.php\/wp-json\/wp\/v2\/media\/141"}],"wp:attachment":[{"href":"https:\/\/moniq-home.art\/index.php\/wp-json\/wp\/v2\/media?parent=143"}],"curies":[{"name":"wp","href":"https:\/\/api.w.org\/{rel}","templated":true}]}}